{"id":561,"date":"2020-11-12T11:33:54","date_gmt":"2020-11-12T10:33:54","guid":{"rendered":"https:\/\/xn--schppler-p4a.de\/?page_id=561"},"modified":"2021-03-03T11:43:42","modified_gmt":"2021-03-03T10:43:42","slug":"oekologie-2","status":"publish","type":"page","link":"https:\/\/www.xn--schppler-p4a.de\/?page_id=561","title":{"rendered":"\u00d6kologie"},"content":{"rendered":"\n<p>Themen und Inhalte rund um die \u00d6kologie<\/p>\n\n\n\n<p><strong>Nachhaltigkeit<\/strong><\/p>\n\n\n\n<p>Jeder von uns, davon gehe ich jetzt als Optimist mal aus, m\u00f6chte am Besten total Nachhaltig leben, weil uns allen ja unsere Natur sehr wichtig ist und vor allem weil wir auf &#8222;sein oder nicht sein&#8220; mit unserer Natur verbunden sind. Leider ist eine nachhaltige Art zu Leben und zu Wirtschaften bis jetzt sehr wenig organisiert und ausgerichtet. Egal was man tut, macht und konsumiert, man wird immer feststellen, dass unser Handeln alles andere als Nachhaltig ist. Jeder Mensch strebt nach Mehr, es gibt kein Genug. Der Verbrauch an Resourcen und der damit gekoppelte Eingriff in die uns verbleibende Natur steigt kontinuierlich an. Um aus diesem Schlamassel heraus zu kommen ben\u00f6tigen wir Menschen eine Handlungsethik, welche als Rahmenbedingung fungiert und uns allen Orientierung liefert.<\/p>\n\n\n\n<p><strong>Handlungsehtik<\/strong><\/p>\n\n\n\n<ul class=\"wp-block-list\"><li>Alles ist von allem Abh\u00e4ngig, jede Lebensform ist abh\u00e4ngig von anderen Lebensformen (auch wir).<\/li><li>Versuche Leid zu vermeiden<\/li><li>Denke Global und handle Lokal<\/li><\/ul>\n\n\n\n<p>Der erste Satz des Ethikrahmens ist selbstredend und d\u00fcrfte inzwischen unumstritten sein.<\/p>\n\n\n\n<p>Wenn mir bewusst ist, dass billiges Fleisch an der Theke aus Massentierhaltung kommt, welches mit Soja, f\u00fcr das Fl\u00e4chen im Amazonasgebiet mit Brandrodung gewonnen wurden, automatisiert gef\u00fcttert worden ist.  Dann werde ich wohl in Zukunft insgesamt weniger Fleisch, daf\u00fcr aber hochwertigeres z.B. Bio-Fleisch konsumieren. Was dieses Verhalten noch unterst\u00fctzen k\u00f6nnte, ist das Bewusstsein, das bei der Brandrodung viele Lebewesen qualvoll mit verbrannt werden &#8211; Leid vermeiden.<\/p>\n\n\n\n<p>Wenn ich ein T-Shirt f\u00fcr ein paar Euro kaufe, dann ist klar, dass dieses Teil von N\u00e4herinnen, welche 7 Tage die Woche 14 Stunden pro Tag arbeiten und am Arbeitsplatz schlafen m\u00fcssen, keine gute Wahl ist &#8211; Denke Global, handle Lokal. <\/p>\n\n\n\n<p>F\u00fcr alle Produkte, welche einen gro\u00dfen \u00f6kologischen Fu\u00dfabdruck haben, schonungslos unsere Umwelt zerst\u00f6ren und vergiften gilt, diese Produkte zu vermeiden. <\/p>\n\n\n\n<p>Warnung: <em>Wehe dem, der sich \u00fcber die Produkte informiert, welche er oder sie konsumiert.<\/em><\/p>\n\n\n\n<p><strong>Konsumverhalten<\/strong><\/p>\n\n\n\n<p>Insgesamt, hat weniger und bewusster konsumieren,  neben dem \u00f6kologischen Vorteil, auch noch den pers\u00f6nlichen Nebeneffekt, dass man mehr Zeit f\u00fcr einen Konsumgenuss aufbringen kann. Man lebt und handelt bewusster.<\/p>\n","protected":false},"excerpt":{"rendered":"<p>Themen und Inhalte rund um die \u00d6kologie Nachhaltigkeit Jeder von uns, davon gehe ich jetzt als Optimist mal aus, m\u00f6chte[&#8230;]<\/p>\n","protected":false},"author":1,"featured_media":564,"parent":0,"menu_order":0,"comment_status":"closed","ping_status":"closed","template":"","meta":{"ngg_post_thumbnail":0,"_mc_calendar":[],"footnotes":""},"class_list":["post-561","page","type-page","status-publish","has-post-thumbnail","hentry"],"_links":{"self":[{"href":"https:\/\/www.xn--schppler-p4a.de\/index.php?rest_route=\/wp\/v2\/pages\/561","targetHints":{"allow":["GET"]}}],"collection":[{"href":"https:\/\/www.xn--schppler-p4a.de\/index.php?rest_route=\/wp\/v2\/pages"}],"about":[{"href":"https:\/\/www.xn--schppler-p4a.de\/index.php?rest_route=\/wp\/v2\/types\/page"}],"author":[{"embeddable":true,"href":"https:\/\/www.xn--schppler-p4a.de\/index.php?rest_route=\/wp\/v2\/users\/1"}],"replies":[{"embeddable":true,"href":"https:\/\/www.xn--schppler-p4a.de\/index.php?rest_route=%2Fwp%2Fv2%2Fcomments&post=561"}],"version-history":[{"count":0,"href":"https:\/\/www.xn--schppler-p4a.de\/index.php?rest_route=\/wp\/v2\/pages\/561\/revisions"}],"wp:featuredmedia":[{"embeddable":true,"href":"https:\/\/www.xn--schppler-p4a.de\/index.php?rest_route=\/wp\/v2\/media\/564"}],"wp:attachment":[{"href":"https:\/\/www.xn--schppler-p4a.de\/index.php?rest_route=%2Fwp%2Fv2%2Fmedia&parent=561"}],"curies":[{"name":"wp","href":"https:\/\/api.w.org\/{rel}","templated":true}]}}